{"id":117,"date":"2024-02-17T11:18:46","date_gmt":"2024-02-17T14:18:46","guid":{"rendered":"https:\/\/jbrumadvocacia.com.br\/index.php\/blog\/"},"modified":"2024-03-19T17:48:43","modified_gmt":"2024-03-19T20:48:43","slug":"blog","status":"publish","type":"page","link":"https:\/\/jbrumadvocacia.com.br\/index.php\/blog\/","title":{"rendered":"Blog"},"content":{"rendered":"\t\t<div data-elementor-type=\"wp-page\" data-elementor-id=\"117\" class=\"elementor elementor-117\" data-elementor-post-type=\"page\">\n\t\t\t\t<div class=\"elementor-element elementor-element-39f9257b e-flex e-con-boxed e-con e-parent\" data-id=\"39f9257b\" data-element_type=\"container\" data-settings=\"{&quot;background_background&quot;:&quot;classic&quot;,&quot;content_width&quot;:&quot;boxed&quot;}\" data-core-v316-plus=\"true\">\n\t\t\t\t\t<div class=\"e-con-inner\">\n\t\t<div class=\"elementor-element elementor-element-6be901f1 e-con-full e-flex e-con e-child\" data-id=\"6be901f1\" data-element_type=\"container\" data-settings=\"{&quot;content_width&quot;:&quot;full&quot;}\">\n\t\t\t\t<div class=\"elementor-element elementor-element-5b454efa elementor-widget elementor-widget-text-editor\" data-id=\"5b454efa\" data-element_type=\"widget\" data-widget_type=\"text-editor.default\">\n\t\t\t\t<div class=\"elementor-widget-container\">\n\t\t\t<style>\/*! elementor - v3.19.0 - 07-02-2024 *\/\n.elementor-widget-text-editor.elementor-drop-cap-view-stacked .elementor-drop-cap{background-color:#69727d;color:#fff}.elementor-widget-text-editor.elementor-drop-cap-view-framed .elementor-drop-cap{color:#69727d;border:3px solid;background-color:transparent}.elementor-widget-text-editor:not(.elementor-drop-cap-view-default) .elementor-drop-cap{margin-top:8px}.elementor-widget-text-editor:not(.elementor-drop-cap-view-default) .elementor-drop-cap-letter{width:1em;height:1em}.elementor-widget-text-editor .elementor-drop-cap{float:left;text-align:center;line-height:1;font-size:50px}.elementor-widget-text-editor .elementor-drop-cap-letter{display:inline-block}<\/style>\t\t\t\tBLOG\t\t\t\t\t\t<\/div>\n\t\t\t\t<\/div>\n\t\t\t\t<div class=\"elementor-element elementor-element-6fcc6f87 elementor-widget elementor-widget-text-editor\" data-id=\"6fcc6f87\" data-element_type=\"widget\" data-widget_type=\"text-editor.default\">\n\t\t\t\t<div class=\"elementor-widget-container\">\n\t\t\t\t\t\t\t<p>Veja nossos conte\u00fados, e entenda melhor seus direitos e como podemos ajud\u00e1-lo!<\/p>\t\t\t\t\t\t<\/div>\n\t\t\t\t<\/div>\n\t\t\t\t<div class=\"elementor-element elementor-element-62ca1ec elementor-posts--align-left elementor-grid-3 elementor-grid-tablet-2 elementor-grid-mobile-1 elementor-posts--thumbnail-top elementor-card-shadow-yes elementor-posts__hover-gradient elementor-widget elementor-widget-posts\" data-id=\"62ca1ec\" data-element_type=\"widget\" data-settings=\"{&quot;cards_row_gap&quot;:{&quot;unit&quot;:&quot;rem&quot;,&quot;size&quot;:1.7,&quot;sizes&quot;:[]},&quot;cards_row_gap_tablet&quot;:{&quot;unit&quot;:&quot;rem&quot;,&quot;size&quot;:&quot;&quot;,&quot;sizes&quot;:[]},&quot;cards_row_gap_mobile&quot;:{&quot;unit&quot;:&quot;rem&quot;,&quot;size&quot;:&quot;&quot;,&quot;sizes&quot;:[]},&quot;cards_columns&quot;:&quot;3&quot;,&quot;cards_columns_tablet&quot;:&quot;2&quot;,&quot;cards_columns_mobile&quot;:&quot;1&quot;}\" data-widget_type=\"posts.cards\">\n\t\t\t\t<div class=\"elementor-widget-container\">\n\t\t\t<link rel=\"stylesheet\" href=\"https:\/\/jbrumadvocacia.com.br\/wp-content\/plugins\/proelements-master\/assets\/css\/widget-posts.min.css\">\t\t<div class=\"elementor-posts-container elementor-posts elementor-posts--skin-cards elementor-grid\">\n\t\t\t\t<article class=\"elementor-post elementor-grid-item post-324 post type-post status-publish format-standard has-post-thumbnail hentry category-blog\">\n\t\t\t<div class=\"elementor-post__card\">\n\t\t\t\t<a class=\"elementor-post__thumbnail__link\" href=\"https:\/\/jbrumadvocacia.com.br\/index.php\/2024\/03\/19\/trabalho-sem-carteira-assinada-e-agora-3\/\" tabindex=\"-1\" ><div class=\"elementor-post__thumbnail\"><img fetchpriority=\"high\" decoding=\"async\" width=\"1280\" height=\"853\" src=\"https:\/\/jbrumadvocacia.com.br\/wp-content\/uploads\/2024\/02\/Trabalho-sem-carteira-assinada.jpg\" class=\"attachment-full size-full wp-image-77\" alt=\"\" srcset=\"https:\/\/jbrumadvocacia.com.br\/wp-content\/uploads\/2024\/02\/Trabalho-sem-carteira-assinada.jpg 1280w, https:\/\/jbrumadvocacia.com.br\/wp-content\/uploads\/2024\/02\/Trabalho-sem-carteira-assinada-300x200.jpg 300w, https:\/\/jbrumadvocacia.com.br\/wp-content\/uploads\/2024\/02\/Trabalho-sem-carteira-assinada-1024x682.jpg 1024w, https:\/\/jbrumadvocacia.com.br\/wp-content\/uploads\/2024\/02\/Trabalho-sem-carteira-assinada-768x512.jpg 768w\" sizes=\"(max-width: 1280px) 100vw, 1280px\" \/><\/div><\/a>\n\t\t\t\t<div class=\"elementor-post__text\">\n\t\t\t\t<h2 class=\"elementor-post__title\">\n\t\t\t<a href=\"https:\/\/jbrumadvocacia.com.br\/index.php\/2024\/03\/19\/trabalho-sem-carteira-assinada-e-agora-3\/\" >\n\t\t\t\tTrabalho sem carteira assinada. E agora?\t\t\t<\/a>\n\t\t<\/h2>\n\t\t\t\t\t<div class=\"elementor-post__read-more-wrapper\">\n\t\t\n\t\t<a class=\"elementor-post__read-more\" href=\"https:\/\/jbrumadvocacia.com.br\/index.php\/2024\/03\/19\/trabalho-sem-carteira-assinada-e-agora-3\/\" aria-label=\"Read more about Trabalho sem carteira assinada. E agora?\" tabindex=\"-1\" >\n\t\t\tLeia mais\t\t<\/a>\n\n\t\t\t\t\t<\/div>\n\t\t\t\t<\/div>\n\t\t\t\t<div class=\"elementor-post__meta-data\">\n\t\t\t\t\t<span class=\"elementor-post-date\">\n\t\t\t19 de mar\u00e7o de 2024\t\t<\/span>\n\t\t\t\t<\/div>\n\t\t\t\t\t<\/div>\n\t\t<\/article>\n\t\t\t\t<article class=\"elementor-post elementor-grid-item post-282 post type-post status-publish format-standard has-post-thumbnail hentry category-blog\">\n\t\t\t<div class=\"elementor-post__card\">\n\t\t\t\t<a class=\"elementor-post__thumbnail__link\" href=\"https:\/\/jbrumadvocacia.com.br\/index.php\/2024\/03\/19\/trabalho-sem-carteira-assinada-e-agora-2\/\" tabindex=\"-1\" ><div class=\"elementor-post__thumbnail\"><img decoding=\"async\" width=\"1000\" height=\"667\" src=\"https:\/\/jbrumadvocacia.com.br\/wp-content\/uploads\/2024\/03\/pregnant-woman-1-1.jpg\" class=\"attachment-full size-full wp-image-283\" alt=\"\" srcset=\"https:\/\/jbrumadvocacia.com.br\/wp-content\/uploads\/2024\/03\/pregnant-woman-1-1.jpg 1000w, https:\/\/jbrumadvocacia.com.br\/wp-content\/uploads\/2024\/03\/pregnant-woman-1-1-300x200.jpg 300w, https:\/\/jbrumadvocacia.com.br\/wp-content\/uploads\/2024\/03\/pregnant-woman-1-1-768x512.jpg 768w\" sizes=\"(max-width: 1000px) 100vw, 1000px\" \/><\/div><\/a>\n\t\t\t\t<div class=\"elementor-post__text\">\n\t\t\t\t<h2 class=\"elementor-post__title\">\n\t\t\t<a href=\"https:\/\/jbrumadvocacia.com.br\/index.php\/2024\/03\/19\/trabalho-sem-carteira-assinada-e-agora-2\/\" >\n\t\t\t\tTrabalhadora Gestante: Estabilidade no local de trabalho\u200b\t\t\t<\/a>\n\t\t<\/h2>\n\t\t\t\t\t<div class=\"elementor-post__read-more-wrapper\">\n\t\t\n\t\t<a class=\"elementor-post__read-more\" href=\"https:\/\/jbrumadvocacia.com.br\/index.php\/2024\/03\/19\/trabalho-sem-carteira-assinada-e-agora-2\/\" aria-label=\"Read more about Trabalhadora Gestante: Estabilidade no local de trabalho\u200b\" tabindex=\"-1\" >\n\t\t\tLeia mais\t\t<\/a>\n\n\t\t\t\t\t<\/div>\n\t\t\t\t<\/div>\n\t\t\t\t<div class=\"elementor-post__meta-data\">\n\t\t\t\t\t<span class=\"elementor-post-date\">\n\t\t\t19 de mar\u00e7o de 2024\t\t<\/span>\n\t\t\t\t<\/div>\n\t\t\t\t\t<\/div>\n\t\t<\/article>\n\t\t\t\t<article class=\"elementor-post elementor-grid-item post-112 post type-post status-publish format-standard has-post-thumbnail hentry category-blog\">\n\t\t\t<div class=\"elementor-post__card\">\n\t\t\t\t<a class=\"elementor-post__thumbnail__link\" href=\"https:\/\/jbrumadvocacia.com.br\/index.php\/2024\/02\/17\/caminhoneiro-chega-de-prejuizo-entenda-seu-direito\/\" tabindex=\"-1\" ><div class=\"elementor-post__thumbnail\"><img decoding=\"async\" width=\"1000\" height=\"667\" src=\"https:\/\/jbrumadvocacia.com.br\/wp-content\/uploads\/2024\/02\/Caminhoneiro-Chega-de-Prejuizo-Entenda-Seu-Direito-1.jpg\" class=\"attachment-full size-full wp-image-116\" alt=\"\" srcset=\"https:\/\/jbrumadvocacia.com.br\/wp-content\/uploads\/2024\/02\/Caminhoneiro-Chega-de-Prejuizo-Entenda-Seu-Direito-1.jpg 1000w, https:\/\/jbrumadvocacia.com.br\/wp-content\/uploads\/2024\/02\/Caminhoneiro-Chega-de-Prejuizo-Entenda-Seu-Direito-1-300x200.jpg 300w, https:\/\/jbrumadvocacia.com.br\/wp-content\/uploads\/2024\/02\/Caminhoneiro-Chega-de-Prejuizo-Entenda-Seu-Direito-1-768x512.jpg 768w\" sizes=\"(max-width: 1000px) 100vw, 1000px\" \/><\/div><\/a>\n\t\t\t\t<div class=\"elementor-post__text\">\n\t\t\t\t<h2 class=\"elementor-post__title\">\n\t\t\t<a href=\"https:\/\/jbrumadvocacia.com.br\/index.php\/2024\/02\/17\/caminhoneiro-chega-de-prejuizo-entenda-seu-direito\/\" >\n\t\t\t\tCaminhoneiro Chega de Preju\u00edzo \u2013 Entenda Seu Direito.\t\t\t<\/a>\n\t\t<\/h2>\n\t\t\t\t\t<div class=\"elementor-post__read-more-wrapper\">\n\t\t\n\t\t<a class=\"elementor-post__read-more\" href=\"https:\/\/jbrumadvocacia.com.br\/index.php\/2024\/02\/17\/caminhoneiro-chega-de-prejuizo-entenda-seu-direito\/\" aria-label=\"Read more about Caminhoneiro Chega de Preju\u00edzo \u2013 Entenda Seu Direito.\" tabindex=\"-1\" >\n\t\t\tLeia mais\t\t<\/a>\n\n\t\t\t\t\t<\/div>\n\t\t\t\t<\/div>\n\t\t\t\t<div class=\"elementor-post__meta-data\">\n\t\t\t\t\t<span class=\"elementor-post-date\">\n\t\t\t17 de fevereiro de 2024\t\t<\/span>\n\t\t\t\t<\/div>\n\t\t\t\t\t<\/div>\n\t\t<\/article>\n\t\t\t\t<article class=\"elementor-post elementor-grid-item post-106 post type-post status-publish format-standard has-post-thumbnail hentry category-blog\">\n\t\t\t<div class=\"elementor-post__card\">\n\t\t\t\t<a class=\"elementor-post__thumbnail__link\" href=\"https:\/\/jbrumadvocacia.com.br\/index.php\/2024\/02\/17\/caminhoneiro-tem-direito-a-periculosidade\/\" tabindex=\"-1\" ><div class=\"elementor-post__thumbnail\"><img loading=\"lazy\" decoding=\"async\" width=\"1154\" height=\"865\" src=\"https:\/\/jbrumadvocacia.com.br\/wp-content\/uploads\/2024\/02\/Caminhoneiro-Tem-Direito-a-Periculosidade-1.jpg\" class=\"attachment-full size-full wp-image-111\" alt=\"\" srcset=\"https:\/\/jbrumadvocacia.com.br\/wp-content\/uploads\/2024\/02\/Caminhoneiro-Tem-Direito-a-Periculosidade-1.jpg 1154w, https:\/\/jbrumadvocacia.com.br\/wp-content\/uploads\/2024\/02\/Caminhoneiro-Tem-Direito-a-Periculosidade-1-300x225.jpg 300w, https:\/\/jbrumadvocacia.com.br\/wp-content\/uploads\/2024\/02\/Caminhoneiro-Tem-Direito-a-Periculosidade-1-1024x768.jpg 1024w, https:\/\/jbrumadvocacia.com.br\/wp-content\/uploads\/2024\/02\/Caminhoneiro-Tem-Direito-a-Periculosidade-1-768x576.jpg 768w\" sizes=\"(max-width: 1154px) 100vw, 1154px\" \/><\/div><\/a>\n\t\t\t\t<div class=\"elementor-post__text\">\n\t\t\t\t<h2 class=\"elementor-post__title\">\n\t\t\t<a href=\"https:\/\/jbrumadvocacia.com.br\/index.php\/2024\/02\/17\/caminhoneiro-tem-direito-a-periculosidade\/\" >\n\t\t\t\tCaminhoneiro Tem Direito a Periculosidade?\t\t\t<\/a>\n\t\t<\/h2>\n\t\t\t\t\t<div class=\"elementor-post__read-more-wrapper\">\n\t\t\n\t\t<a class=\"elementor-post__read-more\" href=\"https:\/\/jbrumadvocacia.com.br\/index.php\/2024\/02\/17\/caminhoneiro-tem-direito-a-periculosidade\/\" aria-label=\"Read more about Caminhoneiro Tem Direito a Periculosidade?\" tabindex=\"-1\" >\n\t\t\tLeia mais\t\t<\/a>\n\n\t\t\t\t\t<\/div>\n\t\t\t\t<\/div>\n\t\t\t\t<div class=\"elementor-post__meta-data\">\n\t\t\t\t\t<span class=\"elementor-post-date\">\n\t\t\t17 de fevereiro de 2024\t\t<\/span>\n\t\t\t\t<\/div>\n\t\t\t\t\t<\/div>\n\t\t<\/article>\n\t\t\t\t<article class=\"elementor-post elementor-grid-item post-101 post type-post status-publish format-standard has-post-thumbnail hentry category-blog\">\n\t\t\t<div class=\"elementor-post__card\">\n\t\t\t\t<a class=\"elementor-post__thumbnail__link\" href=\"https:\/\/jbrumadvocacia.com.br\/index.php\/2024\/02\/17\/trabalhador-fgts-atrasado-e-motivo-para-rescisao-indireta\/\" tabindex=\"-1\" ><div class=\"elementor-post__thumbnail\"><img loading=\"lazy\" decoding=\"async\" width=\"640\" height=\"427\" src=\"https:\/\/jbrumadvocacia.com.br\/wp-content\/uploads\/2024\/02\/FGTS-Atrasado.jpeg\" class=\"attachment-full size-full wp-image-102\" alt=\"\" srcset=\"https:\/\/jbrumadvocacia.com.br\/wp-content\/uploads\/2024\/02\/FGTS-Atrasado.jpeg 640w, https:\/\/jbrumadvocacia.com.br\/wp-content\/uploads\/2024\/02\/FGTS-Atrasado-300x200.jpeg 300w\" sizes=\"(max-width: 640px) 100vw, 640px\" \/><\/div><\/a>\n\t\t\t\t<div class=\"elementor-post__text\">\n\t\t\t\t<h2 class=\"elementor-post__title\">\n\t\t\t<a href=\"https:\/\/jbrumadvocacia.com.br\/index.php\/2024\/02\/17\/trabalhador-fgts-atrasado-e-motivo-para-rescisao-indireta\/\" >\n\t\t\t\tTrabalhador, FGTS Atrasado \u00e9 Motivo Para Rescis\u00e3o Indireta\t\t\t<\/a>\n\t\t<\/h2>\n\t\t\t\t\t<div class=\"elementor-post__read-more-wrapper\">\n\t\t\n\t\t<a class=\"elementor-post__read-more\" href=\"https:\/\/jbrumadvocacia.com.br\/index.php\/2024\/02\/17\/trabalhador-fgts-atrasado-e-motivo-para-rescisao-indireta\/\" aria-label=\"Read more about Trabalhador, FGTS Atrasado \u00e9 Motivo Para Rescis\u00e3o Indireta\" tabindex=\"-1\" >\n\t\t\tLeia mais\t\t<\/a>\n\n\t\t\t\t\t<\/div>\n\t\t\t\t<\/div>\n\t\t\t\t<div class=\"elementor-post__meta-data\">\n\t\t\t\t\t<span class=\"elementor-post-date\">\n\t\t\t17 de fevereiro de 2024\t\t<\/span>\n\t\t\t\t<\/div>\n\t\t\t\t\t<\/div>\n\t\t<\/article>\n\t\t\t\t<article class=\"elementor-post elementor-grid-item post-96 post type-post status-publish format-standard has-post-thumbnail hentry category-blog\">\n\t\t\t<div class=\"elementor-post__card\">\n\t\t\t\t<a class=\"elementor-post__thumbnail__link\" href=\"https:\/\/jbrumadvocacia.com.br\/index.php\/2024\/02\/17\/motorista-de-onibus-carretas-ou-caminhoes-voce-pode-estar-sendo-lesado\/\" tabindex=\"-1\" ><div class=\"elementor-post__thumbnail\"><img loading=\"lazy\" decoding=\"async\" width=\"1000\" height=\"667\" src=\"https:\/\/jbrumadvocacia.com.br\/wp-content\/uploads\/2024\/02\/Motorista-De-Onibus-Carretas-Ou-Caminhoes-Voce-Pode-Estar-Sendo-Lesado.jpg\" class=\"attachment-full size-full wp-image-97\" alt=\"\" srcset=\"https:\/\/jbrumadvocacia.com.br\/wp-content\/uploads\/2024\/02\/Motorista-De-Onibus-Carretas-Ou-Caminhoes-Voce-Pode-Estar-Sendo-Lesado.jpg 1000w, https:\/\/jbrumadvocacia.com.br\/wp-content\/uploads\/2024\/02\/Motorista-De-Onibus-Carretas-Ou-Caminhoes-Voce-Pode-Estar-Sendo-Lesado-300x200.jpg 300w, https:\/\/jbrumadvocacia.com.br\/wp-content\/uploads\/2024\/02\/Motorista-De-Onibus-Carretas-Ou-Caminhoes-Voce-Pode-Estar-Sendo-Lesado-768x512.jpg 768w\" sizes=\"(max-width: 1000px) 100vw, 1000px\" \/><\/div><\/a>\n\t\t\t\t<div class=\"elementor-post__text\">\n\t\t\t\t<h2 class=\"elementor-post__title\">\n\t\t\t<a href=\"https:\/\/jbrumadvocacia.com.br\/index.php\/2024\/02\/17\/motorista-de-onibus-carretas-ou-caminhoes-voce-pode-estar-sendo-lesado\/\" >\n\t\t\t\tMotorista De \u00d4nibus, Carretas Ou Caminh\u00f5es Voc\u00ea Pode Estar Sendo Lesado!\t\t\t<\/a>\n\t\t<\/h2>\n\t\t\t\t\t<div class=\"elementor-post__read-more-wrapper\">\n\t\t\n\t\t<a class=\"elementor-post__read-more\" href=\"https:\/\/jbrumadvocacia.com.br\/index.php\/2024\/02\/17\/motorista-de-onibus-carretas-ou-caminhoes-voce-pode-estar-sendo-lesado\/\" aria-label=\"Read more about Motorista De \u00d4nibus, Carretas Ou Caminh\u00f5es Voc\u00ea Pode Estar Sendo Lesado!\" tabindex=\"-1\" >\n\t\t\tLeia mais\t\t<\/a>\n\n\t\t\t\t\t<\/div>\n\t\t\t\t<\/div>\n\t\t\t\t<div class=\"elementor-post__meta-data\">\n\t\t\t\t\t<span class=\"elementor-post-date\">\n\t\t\t17 de fevereiro de 2024\t\t<\/span>\n\t\t\t\t<\/div>\n\t\t\t\t\t<\/div>\n\t\t<\/article>\n\t\t\t\t<article class=\"elementor-post elementor-grid-item post-91 post type-post status-publish format-standard has-post-thumbnail hentry category-blog\">\n\t\t\t<div class=\"elementor-post__card\">\n\t\t\t\t<a class=\"elementor-post__thumbnail__link\" href=\"https:\/\/jbrumadvocacia.com.br\/index.php\/2024\/02\/17\/quantos-dias-a-empresa-tem-para-fazer-o-acerto\/\" tabindex=\"-1\" ><div class=\"elementor-post__thumbnail\"><img loading=\"lazy\" decoding=\"async\" width=\"1154\" height=\"604\" src=\"https:\/\/jbrumadvocacia.com.br\/wp-content\/uploads\/2024\/02\/Quantos-Dias-A-Empresa-Tem-Para-Fazer-O-Acerto-Rescisao.jpg\" class=\"attachment-full size-full wp-image-92\" alt=\"\" srcset=\"https:\/\/jbrumadvocacia.com.br\/wp-content\/uploads\/2024\/02\/Quantos-Dias-A-Empresa-Tem-Para-Fazer-O-Acerto-Rescisao.jpg 1154w, https:\/\/jbrumadvocacia.com.br\/wp-content\/uploads\/2024\/02\/Quantos-Dias-A-Empresa-Tem-Para-Fazer-O-Acerto-Rescisao-300x157.jpg 300w, https:\/\/jbrumadvocacia.com.br\/wp-content\/uploads\/2024\/02\/Quantos-Dias-A-Empresa-Tem-Para-Fazer-O-Acerto-Rescisao-1024x536.jpg 1024w, https:\/\/jbrumadvocacia.com.br\/wp-content\/uploads\/2024\/02\/Quantos-Dias-A-Empresa-Tem-Para-Fazer-O-Acerto-Rescisao-768x402.jpg 768w\" sizes=\"(max-width: 1154px) 100vw, 1154px\" \/><\/div><\/a>\n\t\t\t\t<div class=\"elementor-post__text\">\n\t\t\t\t<h2 class=\"elementor-post__title\">\n\t\t\t<a href=\"https:\/\/jbrumadvocacia.com.br\/index.php\/2024\/02\/17\/quantos-dias-a-empresa-tem-para-fazer-o-acerto\/\" >\n\t\t\t\tQuantos Dias A Empresa Tem Para Fazer O Acerto?\t\t\t<\/a>\n\t\t<\/h2>\n\t\t\t\t\t<div class=\"elementor-post__read-more-wrapper\">\n\t\t\n\t\t<a class=\"elementor-post__read-more\" href=\"https:\/\/jbrumadvocacia.com.br\/index.php\/2024\/02\/17\/quantos-dias-a-empresa-tem-para-fazer-o-acerto\/\" aria-label=\"Read more about Quantos Dias A Empresa Tem Para Fazer O Acerto?\" tabindex=\"-1\" >\n\t\t\tLeia mais\t\t<\/a>\n\n\t\t\t\t\t<\/div>\n\t\t\t\t<\/div>\n\t\t\t\t<div class=\"elementor-post__meta-data\">\n\t\t\t\t\t<span class=\"elementor-post-date\">\n\t\t\t17 de fevereiro de 2024\t\t<\/span>\n\t\t\t\t<\/div>\n\t\t\t\t\t<\/div>\n\t\t<\/article>\n\t\t\t\t<article class=\"elementor-post elementor-grid-item post-86 post type-post status-publish format-standard has-post-thumbnail hentry category-blog\">\n\t\t\t<div class=\"elementor-post__card\">\n\t\t\t\t<a class=\"elementor-post__thumbnail__link\" href=\"https:\/\/jbrumadvocacia.com.br\/index.php\/2024\/02\/17\/descubra-se-esta-sofrendo-assedio-moral-no-trabalho\/\" tabindex=\"-1\" ><div class=\"elementor-post__thumbnail\"><img loading=\"lazy\" decoding=\"async\" width=\"1000\" height=\"707\" src=\"https:\/\/jbrumadvocacia.com.br\/wp-content\/uploads\/2024\/02\/Descubra-Se-Esta-Sofrendo-Assedio-Moral-No-Trabalho.jpg\" class=\"attachment-full size-full wp-image-87\" alt=\"\" srcset=\"https:\/\/jbrumadvocacia.com.br\/wp-content\/uploads\/2024\/02\/Descubra-Se-Esta-Sofrendo-Assedio-Moral-No-Trabalho.jpg 1000w, https:\/\/jbrumadvocacia.com.br\/wp-content\/uploads\/2024\/02\/Descubra-Se-Esta-Sofrendo-Assedio-Moral-No-Trabalho-300x212.jpg 300w, https:\/\/jbrumadvocacia.com.br\/wp-content\/uploads\/2024\/02\/Descubra-Se-Esta-Sofrendo-Assedio-Moral-No-Trabalho-768x543.jpg 768w\" sizes=\"(max-width: 1000px) 100vw, 1000px\" \/><\/div><\/a>\n\t\t\t\t<div class=\"elementor-post__text\">\n\t\t\t\t<h2 class=\"elementor-post__title\">\n\t\t\t<a href=\"https:\/\/jbrumadvocacia.com.br\/index.php\/2024\/02\/17\/descubra-se-esta-sofrendo-assedio-moral-no-trabalho\/\" >\n\t\t\t\tDescubra Se Est\u00e1 Sofrendo Ass\u00e9dio Moral No Trabalho\t\t\t<\/a>\n\t\t<\/h2>\n\t\t\t\t\t<div class=\"elementor-post__read-more-wrapper\">\n\t\t\n\t\t<a class=\"elementor-post__read-more\" href=\"https:\/\/jbrumadvocacia.com.br\/index.php\/2024\/02\/17\/descubra-se-esta-sofrendo-assedio-moral-no-trabalho\/\" aria-label=\"Read more about Descubra Se Est\u00e1 Sofrendo Ass\u00e9dio Moral No Trabalho\" tabindex=\"-1\" >\n\t\t\tLeia mais\t\t<\/a>\n\n\t\t\t\t\t<\/div>\n\t\t\t\t<\/div>\n\t\t\t\t<div class=\"elementor-post__meta-data\">\n\t\t\t\t\t<span class=\"elementor-post-date\">\n\t\t\t17 de fevereiro de 2024\t\t<\/span>\n\t\t\t\t<\/div>\n\t\t\t\t\t<\/div>\n\t\t<\/article>\n\t\t\t\t<\/div>\n\t\t\n\t\t\t\t<\/div>\n\t\t\t\t<\/div>\n\t\t\t\t<\/div>\n\t\t\t\t\t<\/div>\n\t\t\t\t<\/div>\n\t\t\t\t<\/div>\n\t\t","protected":false},"excerpt":{"rendered":"<p>BLOG Veja nossos conte\u00fados, e entenda melhor seus direitos e como podemos ajud\u00e1-lo!<\/p>\n","protected":false},"author":1,"featured_media":0,"parent":0,"menu_order":0,"comment_status":"closed","ping_status":"closed","template":"","meta":{"footnotes":""},"_links":{"self":[{"href":"https:\/\/jbrumadvocacia.com.br\/index.php\/wp-json\/wp\/v2\/pages\/117"}],"collection":[{"href":"https:\/\/jbrumadvocacia.com.br\/index.php\/wp-json\/wp\/v2\/pages"}],"about":[{"href":"https:\/\/jbrumadvocacia.com.br\/index.php\/wp-json\/wp\/v2\/types\/page"}],"author":[{"embeddable":true,"href":"https:\/\/jbrumadvocacia.com.br\/index.php\/wp-json\/wp\/v2\/users\/1"}],"replies":[{"embeddable":true,"href":"https:\/\/jbrumadvocacia.com.br\/index.php\/wp-json\/wp\/v2\/comments?post=117"}],"version-history":[{"count":16,"href":"https:\/\/jbrumadvocacia.com.br\/index.php\/wp-json\/wp\/v2\/pages\/117\/revisions"}],"predecessor-version":[{"id":323,"href":"https:\/\/jbrumadvocacia.com.br\/index.php\/wp-json\/wp\/v2\/pages\/117\/revisions\/323"}],"wp:attachment":[{"href":"https:\/\/jbrumadvocacia.com.br\/index.php\/wp-json\/wp\/v2\/media?parent=117"}],"curies":[{"name":"wp","href":"https:\/\/api.w.org\/{rel}","templated":true}]}}