{"id":120,"date":"2024-02-17T11:18:46","date_gmt":"2024-02-17T14:18:46","guid":{"rendered":"https:\/\/jbrumadvocacia.com.br\/index.php\/home\/"},"modified":"2024-02-24T21:26:13","modified_gmt":"2024-02-25T00:26:13","slug":"home","status":"publish","type":"page","link":"https:\/\/jbrumadvocacia.com.br\/","title":{"rendered":"Home"},"content":{"rendered":"\t\t<div data-elementor-type=\"wp-page\" data-elementor-id=\"120\" class=\"elementor elementor-120\" data-elementor-post-type=\"page\">\n\t\t\t\t<div class=\"elementor-element elementor-element-65fd3afa e-flex e-con-boxed e-con e-parent\" data-id=\"65fd3afa\" data-element_type=\"container\" data-settings=\"{&quot;background_background&quot;:&quot;classic&quot;,&quot;content_width&quot;:&quot;boxed&quot;}\" data-core-v316-plus=\"true\">\n\t\t\t\t\t<div class=\"e-con-inner\">\n\t\t<div class=\"elementor-element elementor-element-67838fdd e-con-full e-flex e-con e-child\" data-id=\"67838fdd\" data-element_type=\"container\" data-settings=\"{&quot;content_width&quot;:&quot;full&quot;}\">\n\t\t\t\t<div class=\"elementor-element elementor-element-9440df2 elementor-widget elementor-widget-image\" data-id=\"9440df2\" data-element_type=\"widget\" data-widget_type=\"image.default\">\n\t\t\t\t<div class=\"elementor-widget-container\">\n\t\t\t<style>\/*! elementor - v3.19.0 - 07-02-2024 *\/\n.elementor-widget-image{text-align:center}.elementor-widget-image a{display:inline-block}.elementor-widget-image a img[src$=\".svg\"]{width:48px}.elementor-widget-image img{vertical-align:middle;display:inline-block}<\/style>\t\t\t\t\t\t\t\t\t\t<img fetchpriority=\"high\" decoding=\"async\" width=\"800\" height=\"226\" src=\"https:\/\/jbrumadvocacia.com.br\/wp-content\/uploads\/2024\/02\/Branco_1-1024x289.png\" class=\"attachment-large size-large wp-image-209\" alt=\"\" srcset=\"https:\/\/jbrumadvocacia.com.br\/wp-content\/uploads\/2024\/02\/Branco_1-1024x289.png 1024w, https:\/\/jbrumadvocacia.com.br\/wp-content\/uploads\/2024\/02\/Branco_1-300x85.png 300w, https:\/\/jbrumadvocacia.com.br\/wp-content\/uploads\/2024\/02\/Branco_1-768x217.png 768w, https:\/\/jbrumadvocacia.com.br\/wp-content\/uploads\/2024\/02\/Branco_1-1536x434.png 1536w, https:\/\/jbrumadvocacia.com.br\/wp-content\/uploads\/2024\/02\/Branco_1-2048x578.png 2048w\" sizes=\"(max-width: 800px) 100vw, 800px\" \/>\t\t\t\t\t\t\t\t\t\t\t\t\t<\/div>\n\t\t\t\t<\/div>\n\t\t\t\t<div class=\"elementor-element elementor-element-51a72c9f elementor-widget-tablet__width-initial elementor-widget elementor-widget-text-editor\" data-id=\"51a72c9f\" data-element_type=\"widget\" data-widget_type=\"text-editor.default\">\n\t\t\t\t<div class=\"elementor-widget-container\">\n\t\t\t<style>\/*! elementor - v3.19.0 - 07-02-2024 *\/\n.elementor-widget-text-editor.elementor-drop-cap-view-stacked .elementor-drop-cap{background-color:#69727d;color:#fff}.elementor-widget-text-editor.elementor-drop-cap-view-framed .elementor-drop-cap{color:#69727d;border:3px solid;background-color:transparent}.elementor-widget-text-editor:not(.elementor-drop-cap-view-default) .elementor-drop-cap{margin-top:8px}.elementor-widget-text-editor:not(.elementor-drop-cap-view-default) .elementor-drop-cap-letter{width:1em;height:1em}.elementor-widget-text-editor .elementor-drop-cap{float:left;text-align:center;line-height:1;font-size:50px}.elementor-widget-text-editor .elementor-drop-cap-letter{display:inline-block}<\/style>\t\t\t\t<p>Escrit\u00f3rio especializado em Direito Trabalhista.<\/p><p>Excel\u00eancia em atendimento e qualidade de servi\u00e7o prestado.<\/p>\t\t\t\t\t\t<\/div>\n\t\t\t\t<\/div>\n\t\t\t\t<div class=\"elementor-element elementor-element-4bb4052a elementor-align-center elementor-widget elementor-widget-button\" data-id=\"4bb4052a\" data-element_type=\"widget\" data-widget_type=\"button.default\">\n\t\t\t\t<div class=\"elementor-widget-container\">\n\t\t\t\t\t<div class=\"elementor-button-wrapper\">\n\t\t\t<a class=\"elementor-button elementor-button-link elementor-size-sm\" href=\"https:\/\/wa.link\/m28s8z\" target=\"_blank\">\n\t\t\t\t\t\t<span class=\"elementor-button-content-wrapper\">\n\t\t\t\t\t\t<span class=\"elementor-button-text\">FA\u00c7A UM OR\u00c7AMENTO<\/span>\n\t\t<\/span>\n\t\t\t\t\t<\/a>\n\t\t<\/div>\n\t\t\t\t<\/div>\n\t\t\t\t<\/div>\n\t\t\t\t<\/div>\n\t\t\t\t\t<\/div>\n\t\t\t\t<\/div>\n\t\t<div class=\"elementor-element elementor-element-830eb6b e-flex e-con-boxed e-con e-parent\" data-id=\"830eb6b\" data-element_type=\"container\" data-settings=\"{&quot;background_background&quot;:&quot;classic&quot;,&quot;content_width&quot;:&quot;boxed&quot;}\" data-core-v316-plus=\"true\">\n\t\t\t\t\t<div class=\"e-con-inner\">\n\t\t\t\t<div class=\"elementor-element elementor-element-20bd25e9 elementor-widget elementor-widget-heading\" data-id=\"20bd25e9\" data-element_type=\"widget\" data-widget_type=\"heading.default\">\n\t\t\t\t<div class=\"elementor-widget-container\">\n\t\t\t<style>\/*! elementor - v3.19.0 - 07-02-2024 *\/\n.elementor-heading-title{padding:0;margin:0;line-height:1}.elementor-widget-heading .elementor-heading-title[class*=elementor-size-]>a{color:inherit;font-size:inherit;line-height:inherit}.elementor-widget-heading .elementor-heading-title.elementor-size-small{font-size:15px}.elementor-widget-heading .elementor-heading-title.elementor-size-medium{font-size:19px}.elementor-widget-heading .elementor-heading-title.elementor-size-large{font-size:29px}.elementor-widget-heading .elementor-heading-title.elementor-size-xl{font-size:39px}.elementor-widget-heading .elementor-heading-title.elementor-size-xxl{font-size:59px}<\/style><h2 class=\"elementor-heading-title elementor-size-default\">Nosso escrit\u00f3rio se especializa em:<\/h2>\t\t<\/div>\n\t\t\t\t<\/div>\n\t\t\t\t<div class=\"elementor-element elementor-element-7839a747 elementor-hidden-tablet elementor-widget__width-initial elementor-widget elementor-widget-text-editor\" data-id=\"7839a747\" data-element_type=\"widget\" data-widget_type=\"text-editor.default\">\n\t\t\t\t<div class=\"elementor-widget-container\">\n\t\t\t\t\t\t\t<div class=\"message__80c10 cozyMessage__64ce7 wrapper__09ecc cozy_f5c119 zalgo__39311\" tabindex=\"-1\" role=\"article\" data-list-item-id=\"chat-messages___chat-messages-1194339515838496778-1201514524495327332\" aria-setsize=\"-1\" aria-roledescription=\"Mensagem\" aria-labelledby=\"message-username-1201514361026523207 uid_1 message-content-1201514524495327332 uid_2 message-timestamp-1201514524495327332\"><div class=\"contents_f41bb2\"><ul><li class=\"ql-block\" data-block-id=\"block-5fe76f54-b487-4f73-8d44-5acdaef0d40e\">Trabalho sem registro em carteira<\/li><li class=\"ql-block\" data-block-id=\"block-9fc2eedf-ed0d-4569-8e80-dfb9e4a0c5c2\">Acidente de trabalho<\/li><li class=\"ql-block\" data-block-id=\"block-edd518e2-c86c-4fe7-b40f-08da5a43a18f\">Doen\u00e7a ocupacional<\/li><li class=\"ql-block\" data-block-id=\"block-b059af52-118d-4975-9203-ff980adbb642\">Horas extras<\/li><li class=\"ql-block\" data-block-id=\"block-c4be8fa1-36c0-47bf-b52f-3079c5cfb72d\">Pagamento por fora<\/li><li class=\"ql-block\" data-block-id=\"block-12865e6d-e0d6-4862-b1d1-e07a400c9a7b\">Revers\u00e3o de justa causa<\/li><li class=\"ql-block\" data-block-id=\"block-ffd91e96-dcf6-4261-890d-146ff6e9408a\">Adicional de insalubridade\/periculosidade<\/li><li class=\"ql-block\" data-block-id=\"block-d531f155-a44e-4833-96ae-cea75f3f5b45\">Desvio e acumulo de fun\u00e7\u00e3o<\/li><li class=\"ql-block\" data-block-id=\"block-5b985983-a3c7-4d21-82de-effcb1c5d974\">Equipara\u00e7\u00e3o salarial<\/li><li class=\"ql-block\" data-block-id=\"block-1dde994b-3ef4-44f1-b148-a2b9abf2d5fd\">Verbas rescis\u00f3rias<\/li><li class=\"ql-block\" data-block-id=\"block-844a48e6-1237-4405-9db9-1982b883e3ee\">Estabilidade da gestante<\/li><li class=\"ql-block\" data-block-id=\"block-b571b5c5-315c-483e-b43a-4f260e6344fb\">Rescis\u00e3o indireta por aus\u00eancia de FGTS<\/li><li class=\"ql-block\" data-block-id=\"block-eccb0f39-9d78-4cc9-a9d7-d97b83ec6adc\">Ass\u00e9dio sexual<\/li><li class=\"ql-block\" data-block-id=\"block-df791888-7a3b-41fb-ab69-f9f154b34b38\">Dano moral<\/li><\/ul><\/div><\/div>\t\t\t\t\t\t<\/div>\n\t\t\t\t<\/div>\n\t\t\t\t<div class=\"elementor-element elementor-element-4807c563 elementor-align-center elementor-widget elementor-widget-button\" data-id=\"4807c563\" data-element_type=\"widget\" data-widget_type=\"button.default\">\n\t\t\t\t<div class=\"elementor-widget-container\">\n\t\t\t\t\t<div class=\"elementor-button-wrapper\">\n\t\t\t<a class=\"elementor-button elementor-button-link elementor-size-sm\" href=\"https:\/\/wa.link\/m28s8z\">\n\t\t\t\t\t\t<span class=\"elementor-button-content-wrapper\">\n\t\t\t\t\t\t<span class=\"elementor-button-icon elementor-align-icon-left\">\n\t\t\t\t<svg aria-hidden=\"true\" class=\"e-font-icon-svg e-fab-whatsapp\" viewBox=\"0 0 448 512\" xmlns=\"http:\/\/www.w3.org\/2000\/svg\"><path d=\"M380.9 97.1C339 55.1 283.2 32 223.9 32c-122.4 0-222 99.6-222 222 0 39.1 10.2 77.3 29.6 111L0 480l117.7-30.9c32.4 17.7 68.9 27 106.1 27h.1c122.3 0 224.1-99.6 224.1-222 0-59.3-25.2-115-67.1-157zm-157 341.6c-33.2 0-65.7-8.9-94-25.7l-6.7-4-69.8 18.3L72 359.2l-4.4-7c-18.5-29.4-28.2-63.3-28.2-98.2 0-101.7 82.8-184.5 184.6-184.5 49.3 0 95.6 19.2 130.4 54.1 34.8 34.9 56.2 81.2 56.1 130.5 0 101.8-84.9 184.6-186.6 184.6zm101.2-138.2c-5.5-2.8-32.8-16.2-37.9-18-5.1-1.9-8.8-2.8-12.5 2.8-3.7 5.6-14.3 18-17.6 21.8-3.2 3.7-6.5 4.2-12 1.4-32.6-16.3-54-29.1-75.5-66-5.7-9.8 5.7-9.1 16.3-30.3 1.8-3.7.9-6.9-.5-9.7-1.4-2.8-12.5-30.1-17.1-41.2-4.5-10.8-9.1-9.3-12.5-9.5-3.2-.2-6.9-.2-10.6-.2-3.7 0-9.7 1.4-14.8 6.9-5.1 5.6-19.4 19-19.4 46.3 0 27.3 19.9 53.7 22.6 57.4 2.8 3.7 39.1 59.7 94.8 83.8 35.2 15.2 49 16.5 66.6 13.9 10.7-1.6 32.8-13.4 37.4-26.4 4.6-13 4.6-24.1 3.2-26.4-1.3-2.5-5-3.9-10.5-6.6z\"><\/path><\/svg>\t\t\t<\/span>\n\t\t\t\t\t\t<span class=\"elementor-button-text\">Fale com um especialista<\/span>\n\t\t<\/span>\n\t\t\t\t\t<\/a>\n\t\t<\/div>\n\t\t\t\t<\/div>\n\t\t\t\t<\/div>\n\t\t\t\t\t<\/div>\n\t\t\t\t<\/div>\n\t\t<div class=\"elementor-element elementor-element-59ebaa2d e-flex e-con-boxed e-con e-parent\" data-id=\"59ebaa2d\" data-element_type=\"container\" data-settings=\"{&quot;background_background&quot;:&quot;gradient&quot;,&quot;background_motion_fx_motion_fx_mouse&quot;:&quot;yes&quot;,&quot;background_motion_fx_mouseTrack_effect&quot;:&quot;yes&quot;,&quot;content_width&quot;:&quot;boxed&quot;,&quot;background_motion_fx_mouseTrack_speed&quot;:{&quot;unit&quot;:&quot;px&quot;,&quot;size&quot;:1,&quot;sizes&quot;:[]}}\" data-core-v316-plus=\"true\">\n\t\t\t\t\t<div class=\"e-con-inner\">\n\t\t<div class=\"elementor-element elementor-element-7fe30ef2 e-flex e-con-boxed e-con e-child\" data-id=\"7fe30ef2\" data-element_type=\"container\" data-settings=\"{&quot;content_width&quot;:&quot;boxed&quot;}\">\n\t\t\t\t\t<div class=\"e-con-inner\">\n\t\t<div class=\"elementor-element elementor-element-324d1c70 e-flex e-con-boxed e-con e-child\" data-id=\"324d1c70\" data-element_type=\"container\" data-settings=\"{&quot;content_width&quot;:&quot;boxed&quot;}\">\n\t\t\t\t\t<div class=\"e-con-inner\">\n\t\t\t\t<div class=\"elementor-element elementor-element-1b1d6314 elementor-widget elementor-widget-heading\" data-id=\"1b1d6314\" data-element_type=\"widget\" data-widget_type=\"heading.default\">\n\t\t\t\t<div class=\"elementor-widget-container\">\n\t\t\t<h2 class=\"elementor-heading-title elementor-size-default\">Conhe\u00e7a o especialista<\/h2>\t\t<\/div>\n\t\t\t\t<\/div>\n\t\t\t\t<div class=\"elementor-element elementor-element-3d5c9a5a elementor-widget elementor-widget-text-editor\" data-id=\"3d5c9a5a\" data-element_type=\"widget\" data-widget_type=\"text-editor.default\">\n\t\t\t\t<div class=\"elementor-widget-container\">\n\t\t\t\t\t\t\t<div class=\"ql-block\" data-block-id=\"block-6f6ba2fe-800b-4657-9e88-ab10b04bf151\">Escrit\u00f3rio especializado em Direito de Trabalho. Com um atendimento personalizado e comprometido com a excel\u00eancia, a JORGE BRUM ADVOCACIA E ASSESSORIA JUR\u00cdDICA busca sempre encontrar a melhor solu\u00e7\u00e3o para cada caso. Al\u00e9m disso, o escrit\u00f3rio mant\u00e9m uma postura \u00e9tica e transparente, prezando pela satisfa\u00e7\u00e3o dos seus clientes.<\/div><div class=\"ql-block\" data-block-id=\"block-20043846-a0c0-4692-8bcf-69d6840fab6e\">\u00a0<\/div><div class=\"ql-block\" data-block-id=\"block-a06c848b-0eac-46d5-93e4-7738a321e15e\">Se voc\u00ea precisa de ajuda em quest\u00f5es trabalhistas, nosso escrit\u00f3rio estar\u00e1 pronto para atender suas necessidades com qualidade e comprometimento.<\/div>\t\t\t\t\t\t<\/div>\n\t\t\t\t<\/div>\n\t\t\t\t\t<\/div>\n\t\t\t\t<\/div>\n\t\t<div class=\"elementor-element elementor-element-4bc54217 e-con-full e-flex e-con e-child\" data-id=\"4bc54217\" data-element_type=\"container\" data-settings=\"{&quot;content_width&quot;:&quot;full&quot;}\">\n\t\t\t\t<div class=\"elementor-element elementor-element-2dde12bd elementor-widget elementor-widget-image\" data-id=\"2dde12bd\" data-element_type=\"widget\" data-widget_type=\"image.default\">\n\t\t\t\t<div class=\"elementor-widget-container\">\n\t\t\t\t\t\t\t\t\t\t\t\t\t<img decoding=\"async\" width=\"960\" height=\"1440\" src=\"https:\/\/jbrumadvocacia.com.br\/wp-content\/uploads\/2024\/02\/Jorge.jpg\" class=\"attachment-full size-full wp-image-263\" alt=\"\" srcset=\"https:\/\/jbrumadvocacia.com.br\/wp-content\/uploads\/2024\/02\/Jorge.jpg 960w, https:\/\/jbrumadvocacia.com.br\/wp-content\/uploads\/2024\/02\/Jorge-200x300.jpg 200w, https:\/\/jbrumadvocacia.com.br\/wp-content\/uploads\/2024\/02\/Jorge-683x1024.jpg 683w, https:\/\/jbrumadvocacia.com.br\/wp-content\/uploads\/2024\/02\/Jorge-768x1152.jpg 768w\" sizes=\"(max-width: 960px) 100vw, 960px\" \/>\t\t\t\t\t\t\t\t\t\t\t\t\t<\/div>\n\t\t\t\t<\/div>\n\t\t\t\t<\/div>\n\t\t\t\t\t<\/div>\n\t\t\t\t<\/div>\n\t\t\t\t<div class=\"elementor-element elementor-element-6fa998ac elementor-align-center elementor-widget elementor-widget-button\" data-id=\"6fa998ac\" data-element_type=\"widget\" data-widget_type=\"button.default\">\n\t\t\t\t<div class=\"elementor-widget-container\">\n\t\t\t\t\t<div class=\"elementor-button-wrapper\">\n\t\t\t<a class=\"elementor-button elementor-button-link elementor-size-sm\" href=\"https:\/\/wa.link\/m28s8z\">\n\t\t\t\t\t\t<span class=\"elementor-button-content-wrapper\">\n\t\t\t\t\t\t<span class=\"elementor-button-text\">ENTRAR EM CONTATO AGORA<\/span>\n\t\t<\/span>\n\t\t\t\t\t<\/a>\n\t\t<\/div>\n\t\t\t\t<\/div>\n\t\t\t\t<\/div>\n\t\t\t\t\t<\/div>\n\t\t\t\t<\/div>\n\t\t\t\t<\/div>\n\t\t","protected":false},"excerpt":{"rendered":"<p>Escrit\u00f3rio especializado em Direito Trabalhista. Excel\u00eancia em atendimento e qualidade de servi\u00e7o prestado. FA\u00c7A UM OR\u00c7AMENTO Nosso escrit\u00f3rio se especializa em: Trabalho sem registro em carteira Acidente de trabalho Doen\u00e7a ocupacional Horas extras Pagamento por fora Revers\u00e3o de justa causa Adicional de insalubridade\/periculosidade Desvio e acumulo de fun\u00e7\u00e3o Equipara\u00e7\u00e3o salarial Verbas rescis\u00f3rias Estabilidade da gestante [&hellip;]<\/p>\n","protected":false},"author":1,"featured_media":0,"parent":0,"menu_order":0,"comment_status":"closed","ping_status":"closed","template":"","meta":{"footnotes":""},"_links":{"self":[{"href":"https:\/\/jbrumadvocacia.com.br\/index.php\/wp-json\/wp\/v2\/pages\/120"}],"collection":[{"href":"https:\/\/jbrumadvocacia.com.br\/index.php\/wp-json\/wp\/v2\/pages"}],"about":[{"href":"https:\/\/jbrumadvocacia.com.br\/index.php\/wp-json\/wp\/v2\/types\/page"}],"author":[{"embeddable":true,"href":"https:\/\/jbrumadvocacia.com.br\/index.php\/wp-json\/wp\/v2\/users\/1"}],"replies":[{"embeddable":true,"href":"https:\/\/jbrumadvocacia.com.br\/index.php\/wp-json\/wp\/v2\/comments?post=120"}],"version-history":[{"count":28,"href":"https:\/\/jbrumadvocacia.com.br\/index.php\/wp-json\/wp\/v2\/pages\/120\/revisions"}],"predecessor-version":[{"id":275,"href":"https:\/\/jbrumadvocacia.com.br\/index.php\/wp-json\/wp\/v2\/pages\/120\/revisions\/275"}],"wp:attachment":[{"href":"https:\/\/jbrumadvocacia.com.br\/index.php\/wp-json\/wp\/v2\/media?parent=120"}],"curies":[{"name":"wp","href":"https:\/\/api.w.org\/{rel}","templated":true}]}}